{"id":65,"date":"2017-08-23T11:13:47","date_gmt":"2017-08-23T09:13:47","guid":{"rendered":"http:\/\/xn--tnsberg-q1a.katolsk.no\/?page_id=65"},"modified":"2021-06-09T12:36:36","modified_gmt":"2021-06-09T10:36:36","slug":"1-8-klasse","status":"publish","type":"page","link":"https:\/\/tonsberg.katolsk.no\/index.php\/katekese\/informasjon-om-katekesen-om-det-nye-katekesearet-hosten-2021\/1-8-klasse\/","title":{"rendered":"Organisering av all katekese h\u00f8st\/v\u00e5r 2021\/2022 &#8211; tider og datoer"},"content":{"rendered":"<h1><strong>DATOENE FOR B\u00c5DE S\u00d8NDAGSKATEKESENE OG L\u00d8RDAGSKATEKESEN:<\/strong><\/h1>\n<h3><strong><span style=\"color: #ff0000;\">Familiekatekese for familier med barn t.o.m. 2.klassealder\u00a0<em>(Kommunion I)<\/em>\u00a0 &#8211; S\u00f8ndager<em> (som regel den fjerde s\u00f8ndagen hver m\u00e5ned):<\/em><\/span><br \/>\n<\/strong>(2021)<br \/>\n<strong>September:<\/strong> S\u00f8ndag 26.september<br \/>\n<strong>Oktober:<\/strong> S\u00f8ndag 24.oktober<br \/>\n<strong>November:<\/strong> S\u00f8ndag 28.november<br \/>\n<strong>Desember:<\/strong> Juleverksted \u2013 Dato kommer. F\u00f8lg med p\u00e5 menighetens nettside og Facebook<br \/>\n(2022)<br \/>\n<strong>Januar:<\/strong> Juletrefest \u2013 Dato kommer. F\u00f8lg med p\u00e5 menighetens nettside og Facebook<br \/>\n<strong>Februar:<\/strong> S\u00f8ndag 27.februar<br \/>\n<strong>Mars:<\/strong> S\u00f8ndag 27.mars<br \/>\n<strong>April:<\/strong> S\u00f8ndag 24.april<br \/>\n<strong>Mai\/Juni: <span style=\"color: #339966;\">Menighetstur<\/span><\/strong> med fokus\/opplegg for familier med barn og ungdom (kanskje Karslvika). Dato kommer. Dette regnes ofte som <strong><span style=\"color: #339966;\">avslutningen av katekese\u00e5ret.<\/span><\/strong><\/h3>\n<h3><strong><span style=\"color: #ff0000;\">3.klasse <em>(Kommunion II) <\/em>og 4. + 5.klasse <em>(Tweens I)<\/em> og 6. + 7.klasse <em>(Tweens II)\u00a0 OG 8.klasse (Konfirmant I) &#8211;\u00a0<\/em>L\u00f8rdager<em>(som regel den andre l\u00f8rdagen i m\u00e5neden):<\/em><\/span><br \/>\n<\/strong>(2021)<strong><br \/>\nSeptember:<\/strong> L\u00f8rdag 11.september<strong><br \/>\nOktober:<\/strong> UNNTAK pga h\u00f8stferien &#8211;&gt; L\u00f8rdag 2.oktober<strong><br \/>\nNovember:<\/strong> L\u00f8rdag 13.november +<span style=\"color: #ff0000;\"><strong> TWEENSHELG m\/overnatting for b\u00e5de Tweens I og Tweens II<\/strong> <\/span>(mer informasjon kommer etterhvert)<strong><br \/>\nDesember:<\/strong> L\u00f8rdag 11.desember<br \/>\n<strong><span style=\"color: #ff00ff;\">ADVENTSAKSJONEN for alle konfirmanter; ogs\u00e5 8.klassingene<\/span><br \/>\n<\/strong>(2022)<strong><br \/>\nJanuar: <\/strong>Katekesen er l\u00f8rdag 8.januar<br \/>\n<span style=\"color: #3366ff;\"><strong>Konfirmanthelg med overnatting for alle konfirmanter; ogs\u00e5 8.klassingene\u00a0<\/strong><span style=\"color: #000000;\">(Mer informasjon kommer.)<\/span><\/span><strong><br \/>\nFebruar:<\/strong> L\u00f8rdag 12.februar<strong><br \/>\nMars:<\/strong> L\u00f8rdag 12.mars<strong><br \/>\nApril:<\/strong> UNNTAK pga p\u00e5skeferien &#8211;&gt; L\u00f8rdag 2.april<strong><br \/>\nMai\/Juni:<\/strong> Vi venter p\u00e5 datoene for f\u00f8rstekommunion (Kommunion II) og konfirmasjon (Konfirmant II). Det kan bli ekstradag for akkurat disse gruppene, men IKKE for de andre.<\/h3>\n<h3><strong>Mai\/Juni: <span style=\"color: #339966;\">Menighetstur<\/span><\/strong> med fokus\/opplegg for familier med barn og ungdom (kanskje Karlsvika). Dato kommer. Dette regnes ofte som <strong><span style=\"color: #339966;\">avslutningen av katekese\u00e5ret.<\/span><\/strong><\/h3>\n<h3><span style=\"color: #ff0000;\"><strong>9.klasse \u2013 Konfirmant II: S\u00f8ndager (som regel den f\u00f8rste s\u00f8ndagen i<\/strong> <strong>m\u00e5neden):<\/strong><br \/>\n<em><span style=\"color: #000000;\">Konfirmantene i 9.klasse har en ekstra en del de m\u00e5 delta p\u00e5, s\u00e5 les den informasjonen som st\u00e5r nedenfor her n\u00f8ye. I tillegg <span style=\"color: #ff0000;\">M\u00c5 konfirmantene delta i h\u00f8ymesser og en del liturgiske feiringer i l\u00f8pet av konfirmant\u00e5ret.<\/span> Konfirmantene vil f\u00e5 et <span style=\"color: #ff0000;\">messekort<\/span> av pater Johannes. Dette skal underskrives av presten etter hver av messen de har deltatt p\u00e5.<br \/>\n<\/span><\/em><\/span>(2021)<br \/>\n<strong>September:<\/strong> 4. &#8211; 5.september &#8211;&gt; <span style=\"color: #008000;\"><strong>Bli-kjent-helg<\/strong><\/span><strong><span style=\"color: #008000;\"> for 9.klassekonfirmantene m\/overnatting<\/span>.<\/strong> Obligatorisk. Oppm\u00f8te kl 14:00 (l\u00f8rdag), avslutning etter h\u00f8ymessen (etter norsk messe, s\u00f8ndag)<br \/>\n<strong>Oktober:<\/strong> S\u00f8ndag 3.oktober<br \/>\n<strong>November:<\/strong> S\u00f8ndag 7.november<br \/>\n<strong>Desember:<\/strong> S\u00f8ndag 5.desember (undervisning) + <span style=\"color: #ff00ff;\"><strong>ADVENTSAKSJONEN<\/strong><\/span> der konfirmantene blir bedt om \u00e5 hjelpe til med loddsalg m.m minst en av adventss\u00f8ndagene (foreg\u00e5r etter 11-messen)<br \/>\n(2022)<br \/>\n<strong>Januar:\u00a0<\/strong>UNNTAK pga p\u00e5skeferien &#8211;&gt; S\u00f8ndag 9. januar\u00a0 + <span style=\"color: #0000ff;\"><strong>OVERNATTINGSHELG I JANUAR<\/strong><\/span> FOR B\u00c5DE 8. OG 9.KLASSE (informasjon kommer etterhvert)<br \/>\n<strong style=\"font-size: 1.125rem;\">Februar:<\/strong><span style=\"font-size: 1.125rem;\"> S\u00f8ndag 6.februar<br \/>\n<\/span><strong style=\"font-size: 1.125rem;\">Mars:<\/strong><span style=\"font-size: 1.125rem;\"> S\u00f8ndag 6.mars<br \/>\n<\/span><strong style=\"font-size: 1.125rem;\">April:<\/strong><span style=\"font-size: 1.125rem;\"> S\u00f8ndag 3.april +<span style=\"color: #ffcc00;\"><strong> P\u00c5SKELEIR<\/strong><\/span> for 9.klasse hele p\u00e5skeferien Obligatorisk.<br \/>\n<\/span><strong style=\"font-size: 1.125rem;\">Mai\/Juni:<\/strong><span style=\"font-size: 1.125rem;\"> Vi venter p\u00e5 datoene for f\u00f8rstekommunion (Kommunion II) og konfirmasjon (Konfirmant II). Det kan bli ekstradag for akkurat disse gruppene.<\/span><\/h3>\n<h3><strong>Mai\/Juni: <span style=\"color: #339966;\">Menighetstur<\/span><\/strong> med fokus\/opplegg for familier med barn og ungdom (kanskje Karlsvika). Dato kommer. Dette regnes ofte som <strong><span style=\"color: #339966;\">avslutningen av katekese\u00e5ret.<\/span><\/strong><\/h3>\n<h3><\/h3>\n<h1><strong>DAGSPLANER OG OVERSIKTER H\u00d8ST OG V\u00c5R 2021\/2022:<br \/>\n<\/strong><em>Det blir enkel matservering for alle katekesegrupper p\u00e5 katekesel\u00f8rdager og s\u00f8ndag.<\/em><\/h1>\n<h3><span style=\"color: #ff0000;\">L\u00d8RDAGER<\/span><br \/>\n<em><strong>Hver andre l\u00f8rdag i m\u00e5neden: <\/strong>3. &#8211;\u00a0 7.kl, og<strong>\u00a0<\/strong>fra klokken 14 kommer\u00a0<\/em><em>8.k<\/em>l<strong><br \/>\n<\/strong><strong>11.00<\/strong> Felles samling for <strong>3. &#8211; 7.kl<\/strong> i menighetslokalet<br \/>\n<strong>11.30<\/strong> Undervisning\/opplegg i grupper (3.kl alene, 4. &#8211; 5. klasse i &laquo;Tweens I&raquo;, 6. &#8211; 7.klasse i &laquo;Tweens II&raquo;)<br \/>\n<strong>12.30<\/strong> Pause med lunsj<br \/>\n<strong>13.00<\/strong> Undervisning\/opplegg i de samme gruppene<br \/>\n<strong>14.00<\/strong> Messe, <strong>ogs\u00e5 for 8klasse (&laquo;Konfirmant I&raquo;)<\/strong>. 3. &#8211; 7.kl er ferdig etter messen<strong><br \/>\n15.00 &#8211; 17.00\u00a0<\/strong>Opplegg og undervisning med mat og sosial aktivitet for 8.klasse<\/h3>\n<h3><span style=\"color: #ff0000;\">S\u00d8NDAGER<\/span><br \/>\n<em><strong>Den f\u00f8rste s\u00f8ndagen<\/strong> <strong>hver m\u00e5ned:<\/strong>\u00a0&laquo;Konfirmant II&raquo; &#8211; gruppa (9.klassingene). <strong>Den fjerde s\u00f8ndagen i m\u00e5neden:<\/strong> Familiekatekese, spesielt for &laquo;Kommunion I&raquo; &#8211; gruppa (2.klassingene).<\/em><br \/>\n<strong>11.00:<\/strong> M\u00f8t i h\u00f8ymessen (slik begynner katekesen for alle p\u00e5 s\u00f8ndager)<br \/>\n<strong>12.00 &#8211; 14.00:<\/strong> Familiekatekese (hver f\u00f8rste s\u00f8ndag i m\u00e5neden)<br \/>\n<strong>12.00 &#8211; 15.00:<\/strong> Konfirmant II &#8211; katekese (hver f\u00f8rste s\u00f8ndag i m\u00e5neden)<\/h3>\n<h3><em>NYTT AV \u00c5RET ER ALTS\u00c5:<br \/>\n<\/em><em>8.klasse er fra h\u00f8sten 2021\u00a0 konfirmanter p\u00e5 f\u00f8rste \u00e5ret, &laquo;Konfirmant I&raquo; &#8211; gruppen, og m\u00f8ter den andre l\u00f8rdagen hver m\u00e5ned til messen kl 14.00 med p\u00e5f\u00f8lgende opplegg. 9.klasse er &laquo;Konfirmant &#8211; II&raquo; &#8211; gruppen, som m\u00f8ter hver f\u00f8rste s\u00f8ndag i m\u00e5neden til messen kl 11.00, og har p\u00e5f\u00f8lgende opplegg\/undervisning frem til 15.00.<\/em><\/h3>\n<h3><em>OG: 2.klassingene regnes fra h\u00f8sten av som &laquo;Kommunion I&raquo; &#8211; gruppen; det f\u00f8rste \u00e5ret av f\u00f8rstekommunionsforberedelsene. Disse m\u00f8ter i familiekatekesen med sine familier til messen kl 11.00 den fjerde s\u00f8ndag hver m\u00e5ned. Her blir det ogs\u00e5 opplegg (med kirkekaffe) for familiene, og spesielt for 2.klassingene, etter messen. 3.klasse blir &laquo;Kommunion II&raquo; -gruppen, og m\u00f8ter p\u00e5 vanlig katekesel\u00f8rdager.<\/em><\/h3>\n<h3><span style=\"color: #ff0000;\"><strong>VIKTIG REPETISJON: De som fra h\u00f8sten av g\u00e5r i 3. eller 9.klasse skal IKKE ha et to\u00e5rig opplegg for f\u00f8rstekommunion (3.kl) og konfirmasjon (9.kl). Disse mottar sakramentene v\u00e5ren 2022.<\/strong><\/span><\/h3>\n<h3><\/h3>\n<h3><\/h3>\n<h1><\/h1>\n<p>&nbsp;<\/p>\n","protected":false},"excerpt":{"rendered":"<p>DATOENE FOR B\u00c5DE S\u00d8NDAGSKATEKESENE OG L\u00d8RDAGSKATEKESEN: Familiekatekese for familier med barn t.o.m. 2.klassealder\u00a0(Kommunion I)\u00a0 &#8211; S\u00f8ndager (som regel den fjerde s\u00f8ndagen hver m\u00e5ned): (2021) September: S\u00f8ndag 26.september Oktober: S\u00f8ndag 24.oktober November: S\u00f8ndag 28.november Desember: Juleverksted \u2013 Dato kommer. F\u00f8lg med p\u00e5 menighetens nettside og Facebook (2022) Januar: Juletrefest \u2013 Dato kommer. F\u00f8lg med p\u00e5 menighetens &hellip; <\/p>\n<p class=\"link-more\"><a href=\"https:\/\/tonsberg.katolsk.no\/index.php\/katekese\/informasjon-om-katekesen-om-det-nye-katekesearet-hosten-2021\/1-8-klasse\/\" class=\"more-link\">Fortsett \u00e5 lese<span class=\"screen-reader-text\"> \u00abOrganisering av all katekese h\u00f8st\/v\u00e5r 2021\/2022 &#8211; tider og datoer\u00bb<\/span><\/a><\/p>\n","protected":false},"author":2,"featured_media":0,"parent":1830,"menu_order":0,"comment_status":"closed","ping_status":"closed","template":"","meta":{"footnotes":""},"class_list":["post-65","page","type-page","status-publish","hentry"],"_links":{"self":[{"href":"https:\/\/tonsberg.katolsk.no\/index.php\/wp-json\/wp\/v2\/pages\/65","targetHints":{"allow":["GET"]}}],"collection":[{"href":"https:\/\/tonsberg.katolsk.no\/index.php\/wp-json\/wp\/v2\/pages"}],"about":[{"href":"https:\/\/tonsberg.katolsk.no\/index.php\/wp-json\/wp\/v2\/types\/page"}],"author":[{"embeddable":true,"href":"https:\/\/tonsberg.katolsk.no\/index.php\/wp-json\/wp\/v2\/users\/2"}],"replies":[{"embeddable":true,"href":"https:\/\/tonsberg.katolsk.no\/index.php\/wp-json\/wp\/v2\/comments?post=65"}],"version-history":[{"count":22,"href":"https:\/\/tonsberg.katolsk.no\/index.php\/wp-json\/wp\/v2\/pages\/65\/revisions"}],"predecessor-version":[{"id":1888,"href":"https:\/\/tonsberg.katolsk.no\/index.php\/wp-json\/wp\/v2\/pages\/65\/revisions\/1888"}],"up":[{"embeddable":true,"href":"https:\/\/tonsberg.katolsk.no\/index.php\/wp-json\/wp\/v2\/pages\/1830"}],"wp:attachment":[{"href":"https:\/\/tonsberg.katolsk.no\/index.php\/wp-json\/wp\/v2\/media?parent=65"}],"curies":[{"name":"wp","href":"https:\/\/api.w.org\/{rel}","templated":true}]}}