{"id":670,"date":"2018-09-08T19:52:32","date_gmt":"2018-09-08T17:52:32","guid":{"rendered":"http:\/\/tonsberg.katolsk.no\/?page_id=670"},"modified":"2025-03-05T10:29:41","modified_gmt":"2025-03-05T09:29:41","slug":"tidligere-menighetsrad-og-finansrad","status":"publish","type":"page","link":"https:\/\/tonsberg.katolsk.no\/index.php\/informasjon\/tidligere-menighetsrad-og-finansrad\/","title":{"rendered":"Tidligere menighetsr\u00e5d og finansr\u00e5d"},"content":{"rendered":"<div><em><strong>Menighetsr\u00e5d 2021-2024:<\/strong><br \/>\n<\/em>Sognepresten, p. Johannes Vu Manh Hung (formann), Mariusz Margielewski (leder),\u00a0Gro Vitters\u00f8 (nestleder), Maria Soledad Sol\u00e5s (sekret\u00e6r), Charles D. Jeyaseelan,<span style=\"font-size: 1rem;\"> Dat Minh Ha\u00a0 og Lina Pupkuviene (Sigurd Hareide m\u00f8tte som diakon h\u00f8sten 2023 til v\u00e5ren 2024)<\/p>\n<p><\/span><\/div>\n<div><em><strong>Finansr\u00e5d (fra 2021-2024):<\/strong><br \/>\nSognepresten, Sigurd Hareide, Charles D. Jeyaseelan og Hai Vu<\/p>\n<p><strong>Menighetsr\u00e5d 2018-2020:<\/strong><\/em><br \/>\n<span style=\"font-size: 1rem;\">Sognepresten (formann), Gunnhild B\u00e6r\u00f8 (leder og sekret\u00e6r), Mai Nguyen (nestleder), Tomasz Piotr Adamski, Maria Teresa Bratteli, Ellinor Maria Hilberg og Beata Margielewska<\/p>\n<p><\/span><\/div>\n<div><strong><em>Finansr\u00e5d (fra 2018-2020):<\/em><\/strong><br \/>\nSognepresten, Erling Dahle, Sigurd Hareide, Johan Svorst\u00f8l og Hai Vu<\/div>\n<div><\/div>\n<div><strong><em>Menighetsr\u00e5d (2016\u20132018):<\/em><\/strong><br \/>\nSognepresten (<em>formann<\/em>), Gunnhild B\u00e6r\u00f8 (<em>leder og sekret\u00e6r<\/em>),\u00a0Sigurd Hareide (<em>nestleder<\/em>),\u00a0Mariusz Margielewski,\u00a0Hilde O\u2019Hanlon,\u00a0Nhan Van Tran og\u00a0Renata Zabielska<\/div>\n<div><\/div>\n<div><strong><em>Finansr\u00e5d (fra 2016-2018):<\/em><\/strong><br \/>\nSognepresten, Gunnhild B\u00e6r\u00f8, Queen Nguyen, Johan Svorst\u00f8l, Erling Dahle<\/div>\n","protected":false},"excerpt":{"rendered":"<p>Menighetsr\u00e5d 2021-2024: Sognepresten, p. Johannes Vu Manh Hung (formann), Mariusz Margielewski (leder),\u00a0Gro Vitters\u00f8 (nestleder), Maria Soledad Sol\u00e5s (sekret\u00e6r), Charles D. Jeyaseelan, Dat Minh Ha\u00a0 og Lina Pupkuviene (Sigurd Hareide m\u00f8tte som diakon h\u00f8sten 2023 til v\u00e5ren 2024) Finansr\u00e5d (fra 2021-2024): Sognepresten, Sigurd Hareide, Charles D. Jeyaseelan og Hai Vu Menighetsr\u00e5d 2018-2020: Sognepresten (formann), Gunnhild B\u00e6r\u00f8 &hellip; <\/p>\n<p class=\"link-more\"><a href=\"https:\/\/tonsberg.katolsk.no\/index.php\/informasjon\/tidligere-menighetsrad-og-finansrad\/\" class=\"more-link\">Fortsett \u00e5 lese<span class=\"screen-reader-text\"> \u00abTidligere menighetsr\u00e5d og finansr\u00e5d\u00bb<\/span><\/a><\/p>\n","protected":false},"author":2,"featured_media":0,"parent":5,"menu_order":0,"comment_status":"closed","ping_status":"closed","template":"","meta":{"footnotes":""},"class_list":["post-670","page","type-page","status-publish","hentry"],"_links":{"self":[{"href":"https:\/\/tonsberg.katolsk.no\/index.php\/wp-json\/wp\/v2\/pages\/670","targetHints":{"allow":["GET"]}}],"collection":[{"href":"https:\/\/tonsberg.katolsk.no\/index.php\/wp-json\/wp\/v2\/pages"}],"about":[{"href":"https:\/\/tonsberg.katolsk.no\/index.php\/wp-json\/wp\/v2\/types\/page"}],"author":[{"embeddable":true,"href":"https:\/\/tonsberg.katolsk.no\/index.php\/wp-json\/wp\/v2\/users\/2"}],"replies":[{"embeddable":true,"href":"https:\/\/tonsberg.katolsk.no\/index.php\/wp-json\/wp\/v2\/comments?post=670"}],"version-history":[{"count":9,"href":"https:\/\/tonsberg.katolsk.no\/index.php\/wp-json\/wp\/v2\/pages\/670\/revisions"}],"predecessor-version":[{"id":11477,"href":"https:\/\/tonsberg.katolsk.no\/index.php\/wp-json\/wp\/v2\/pages\/670\/revisions\/11477"}],"up":[{"embeddable":true,"href":"https:\/\/tonsberg.katolsk.no\/index.php\/wp-json\/wp\/v2\/pages\/5"}],"wp:attachment":[{"href":"https:\/\/tonsberg.katolsk.no\/index.php\/wp-json\/wp\/v2\/media?parent=670"}],"curies":[{"name":"wp","href":"https:\/\/api.w.org\/{rel}","templated":true}]}}