{"id":7,"date":"2017-08-23T09:48:21","date_gmt":"2017-08-23T07:48:21","guid":{"rendered":"http:\/\/xn--tnsberg-q1a.katolsk.no\/?page_id=7"},"modified":"2026-03-01T21:37:09","modified_gmt":"2026-03-01T20:37:09","slug":"messetider","status":"publish","type":"page","link":"https:\/\/tonsberg.katolsk.no\/index.php\/messetider\/","title":{"rendered":"Messetider"},"content":{"rendered":"\n<p><a href=\"https:\/\/tonsberg.katolsk.no\/index.php\/2026\/03\/01\/messetider-for-mars-2026\/\">Messetider for mars 2026<\/a><\/p>\n\n\n<p><a href=\"https:\/\/tonsberg.katolsk.no\/index.php\/det-liturgiske-ar-i-st-olav-kirke-tonsberg\/\">Oversikt over det liturgiske \u00e5r i St. Olav kirke<\/a><\/p>\n<p>Faste messetider nedenfor (sjekk denne m\u00e5neden ovenfor eller <a href=\"https:\/\/tonsberg.katolsk.no\/\" target=\"_blank\" rel=\"noopener\">innlegg p\u00e5 forsiden<\/a> for oppdatert informasjon):<\/p>\n<p><strong>S\u00d8NDAGSMESSER:<\/strong><br \/><strong>L\u00f8rdag kl. 18.00<\/strong> &#8211; aftenmesse p\u00e5 norsk<br \/><strong>S\u00f8ndag kl. 09.00<\/strong> (08.00 i juli) &#8211; messe p\u00e5 <strong>polsk<\/strong> hver s\u00f8ndag<br \/>(<a href=\"https:\/\/www.stfrans.no\/index.php\/dus\/\" target=\"_blank\" rel=\"noopener\">informasjon fra fransiskanerne i Larvik<\/a>)<br \/><strong>S\u00f8ndag kl. 11.00 &#8211; H\u00d8YMESSE<\/strong>\u00a0p\u00e5 norsk (Laudes kl. 10.30)<br \/><em>Anledning til skriftem\u00e5l f\u00f8rste fredag i m\u00e5neden kl. 19-20<br \/>eller ved henvendelse til prest f\u00f8r eller etter andre messer.<br \/><\/em><\/p>\n<p><strong><em>S\u00f8ndagsmesser p\u00e5 andre spr\u00e5k:\u00a0<\/em><\/strong><br \/><strong>Polsk<\/strong> (som nevnt over) &#8211; hver s\u00f8ndag kl. 09.00 (<a href=\"https:\/\/www.stfrans.no\/index.php\/dus\/\" target=\"_blank\" rel=\"noopener\">polsk sjelesorg i T\u00f8nsberg, Larvik, Sandefjord og Porsgrunn<\/a>)<br \/><strong>Tamilsk &#8211; f\u00f8rste s\u00f8ndag i m\u00e5neden kl. 13.00<br \/>Filippinsk\/engelsk<\/strong>\u00a0&#8211; andre s\u00f8ndag i m\u00e5neden kl. 13.00<br \/><strong>Ukrainsk <\/strong>(bysantinsk ritus) &#8211; andre s\u00f8ndag i m\u00e5neden kl. 15.00<br \/>[<strong>Litauisk<\/strong> &#8211; kun i Sandefjord for tiden]<br \/><strong>Vietnamesisk<\/strong> &#8211; tredje s\u00f8ndag i m\u00e5neden kl. 14.00<br \/><strong>Kroatisk<\/strong> &#8211; fjerde s\u00f8ndag i m\u00e5neden kl. 16.00<\/p>\n<p><strong>MESSER I UKEDAGENE:<\/strong><br \/>(fester og h\u00f8ytider p\u00e5 ukedager feires som regel kl. 18):<br \/><em>Mandag kl. 08.00 \u2013 messe i s\u00f8strenes kapell<\/em><br \/>Tirsdag kl. 18.00 \u2013 aftenmesse i kirken<br \/><em>Onsdag kl. 08.00 \u2013 messe i s\u00f8strenes kapell<\/em><br \/>Torsdag kl. 18.00 \u2013 messe i kirken<br \/>Fredag kl. 18.00 \u2013 aftenmesse i kirken\u00a0med sakramentstilbedelse<\/p>","protected":false},"excerpt":{"rendered":"<p>Messetider for mars 2026 Oversikt over det liturgiske \u00e5r i St. Olav kirke Faste messetider nedenfor (sjekk denne m\u00e5neden ovenfor eller innlegg p\u00e5 forsiden for oppdatert informasjon): S\u00d8NDAGSMESSER:L\u00f8rdag kl. 18.00 &#8211; aftenmesse p\u00e5 norskS\u00f8ndag kl. 09.00 (08.00 i juli) &#8211; messe p\u00e5 polsk hver s\u00f8ndag(informasjon fra fransiskanerne i Larvik)S\u00f8ndag kl. 11.00 &#8211; H\u00d8YMESSE\u00a0p\u00e5 norsk (Laudes &hellip; <\/p>\n<p class=\"link-more\"><a href=\"https:\/\/tonsberg.katolsk.no\/index.php\/messetider\/\" class=\"more-link\">Fortsett \u00e5 lese<span class=\"screen-reader-text\"> \u00abMessetider\u00bb<\/span><\/a><\/p>\n","protected":false},"author":2,"featured_media":0,"parent":0,"menu_order":0,"comment_status":"closed","ping_status":"closed","template":"","meta":{"footnotes":""},"class_list":["post-7","page","type-page","status-publish","hentry"],"_links":{"self":[{"href":"https:\/\/tonsberg.katolsk.no\/index.php\/wp-json\/wp\/v2\/pages\/7","targetHints":{"allow":["GET"]}}],"collection":[{"href":"https:\/\/tonsberg.katolsk.no\/index.php\/wp-json\/wp\/v2\/pages"}],"about":[{"href":"https:\/\/tonsberg.katolsk.no\/index.php\/wp-json\/wp\/v2\/types\/page"}],"author":[{"embeddable":true,"href":"https:\/\/tonsberg.katolsk.no\/index.php\/wp-json\/wp\/v2\/users\/2"}],"replies":[{"embeddable":true,"href":"https:\/\/tonsberg.katolsk.no\/index.php\/wp-json\/wp\/v2\/comments?post=7"}],"version-history":[{"count":121,"href":"https:\/\/tonsberg.katolsk.no\/index.php\/wp-json\/wp\/v2\/pages\/7\/revisions"}],"predecessor-version":[{"id":12278,"href":"https:\/\/tonsberg.katolsk.no\/index.php\/wp-json\/wp\/v2\/pages\/7\/revisions\/12278"}],"wp:attachment":[{"href":"https:\/\/tonsberg.katolsk.no\/index.php\/wp-json\/wp\/v2\/media?parent=7"}],"curies":[{"name":"wp","href":"https:\/\/api.w.org\/{rel}","templated":true}]}}